{"id":5260,"date":"2025-01-20T16:12:54","date_gmt":"2025-01-20T15:12:54","guid":{"rendered":"https:\/\/www.christianconrad.org\/kontakt\/"},"modified":"2025-02-28T14:46:16","modified_gmt":"2025-02-28T13:46:16","slug":"contact","status":"publish","type":"page","link":"https:\/\/www.christianconrad.org\/en\/contact\/","title":{"rendered":"Contact"},"content":{"rendered":"\t\t<div data-elementor-type=\"wp-page\" data-elementor-id=\"5260\" class=\"elementor elementor-5260\" data-elementor-post-type=\"page\">\n\t\t\t\t<div class=\"elementor-element elementor-element-edb1c33 e-flex e-con-boxed e-con e-parent\" data-id=\"edb1c33\" data-element_type=\"container\" data-settings=\"{&quot;background_background&quot;:&quot;classic&quot;}\">\n\t\t\t\t\t<div class=\"e-con-inner\">\n\t\t<div class=\"elementor-element elementor-element-17b6ea1 e-con-full e-flex e-con e-child\" data-id=\"17b6ea1\" data-element_type=\"container\" data-settings=\"{&quot;background_background&quot;:&quot;classic&quot;}\">\n\t\t\t\t<div class=\"elementor-element elementor-element-4a1c216 elementor-widget__width-initial elementor-widget-mobile__width-inherit elementor-widget-tablet__width-inherit elementor-widget elementor-widget-image\" data-id=\"4a1c216\" data-element_type=\"widget\" data-widget_type=\"image.default\">\n\t\t\t\t<div class=\"elementor-widget-container\">\n\t\t\t\t\t\t\t\t\t\t\t\t\t\t\t<img fetchpriority=\"high\" decoding=\"async\" width=\"1000\" height=\"1500\" src=\"https:\/\/www.christianconrad.org\/wp-content\/uploads\/2025\/01\/Christian-Conrad.jpg\" class=\"attachment-full size-full wp-image-5108\" alt=\"\" srcset=\"https:\/\/www.christianconrad.org\/wp-content\/uploads\/2025\/01\/Christian-Conrad-200x300.jpg 200w, https:\/\/www.christianconrad.org\/wp-content\/uploads\/2025\/01\/Christian-Conrad-400x600.jpg 400w, https:\/\/www.christianconrad.org\/wp-content\/uploads\/2025\/01\/Christian-Conrad-600x900.jpg 600w, https:\/\/www.christianconrad.org\/wp-content\/uploads\/2025\/01\/Christian-Conrad-683x1024.jpg 683w, https:\/\/www.christianconrad.org\/wp-content\/uploads\/2025\/01\/Christian-Conrad-768x1152.jpg 768w, https:\/\/www.christianconrad.org\/wp-content\/uploads\/2025\/01\/Christian-Conrad-800x1200.jpg 800w, https:\/\/www.christianconrad.org\/wp-content\/uploads\/2025\/01\/Christian-Conrad.jpg 1000w\" sizes=\"(max-width: 1000px) 100vw, 1000px\" \/>\t\t\t\t\t\t\t\t\t\t\t\t\t\t\t<\/div>\n\t\t\t\t<\/div>\n\t\t<div class=\"elementor-element elementor-element-853f67b e-con-full e-flex e-con e-child\" data-id=\"853f67b\" data-element_type=\"container\">\n\t\t\t\t<div class=\"elementor-element elementor-element-98bfa2a elementor-widget__width-auto elementor-widget elementor-widget-heading\" data-id=\"98bfa2a\" data-element_type=\"widget\" data-widget_type=\"heading.default\">\n\t\t\t\t<div class=\"elementor-widget-container\">\n\t\t\t\t\t<h2 class=\"elementor-heading-title elementor-size-default\">Contact us<\/h2>\t\t\t\t<\/div>\n\t\t\t\t<\/div>\n\t\t\t\t<div class=\"elementor-element elementor-element-109a97a elementor-widget elementor-widget-text-editor\" data-id=\"109a97a\" data-element_type=\"widget\" data-widget_type=\"text-editor.default\">\n\t\t\t\t<div class=\"elementor-widget-container\">\n\t\t\t\t\t\t\t\t\t<p>Simply send me a message via the contact form or to n <a href=\"mailto:info@christianconrad.org\">info@christianconrad.org<\/a><\/p>\t\t\t\t\t\t\t\t<\/div>\n\t\t\t\t<\/div>\n\t\t\t\t<div class=\"elementor-element elementor-element-d44b142 elementor-button-align-stretch elementor-widget elementor-widget-form\" data-id=\"d44b142\" data-element_type=\"widget\" data-settings=\"{&quot;step_next_label&quot;:&quot;N\\u00e4chster&quot;,&quot;step_previous_label&quot;:&quot;Voriger&quot;,&quot;button_width&quot;:&quot;100&quot;,&quot;step_type&quot;:&quot;number_text&quot;,&quot;step_icon_shape&quot;:&quot;circle&quot;}\" data-widget_type=\"form.default\">\n\t\t\t\t<div class=\"elementor-widget-container\">\n\t\t\t\t\t\t\t<form class=\"elementor-form\" method=\"post\" name=\"Neues Formular\">\n\t\t\t<input type=\"hidden\" name=\"post_id\" value=\"5260\"\/>\n\t\t\t<input type=\"hidden\" name=\"form_id\" value=\"d44b142\"\/>\n\t\t\t<input type=\"hidden\" name=\"referer_title\" value=\"Christian Conrad\" \/>\n\n\t\t\t\n\t\t\t<div class=\"elementor-form-fields-wrapper elementor-labels-\">\n\t\t\t\t\t\t\t\t<div class=\"elementor-field-type-text elementor-field-group elementor-column elementor-field-group-name elementor-col-50\">\n\t\t\t\t\t\t\t\t\t\t\t\t<label for=\"form-field-name\" class=\"elementor-field-label elementor-screen-only\">\n\t\t\t\t\t\t\t\tName\t\t\t\t\t\t\t<\/label>\n\t\t\t\t\t\t\t\t\t\t\t\t\t\t<input size=\"1\" type=\"text\" name=\"form_fields[name]\" id=\"form-field-name\" class=\"elementor-field elementor-size-sm  elementor-field-textual\" placeholder=\"Name\">\n\t\t\t\t\t\t\t\t\t\t\t<\/div>\n\t\t\t\t\t\t\t\t<div class=\"elementor-field-type-email elementor-field-group elementor-column elementor-field-group-email elementor-col-50 elementor-field-required\">\n\t\t\t\t\t\t\t\t\t\t\t\t<label for=\"form-field-email\" class=\"elementor-field-label elementor-screen-only\">\n\t\t\t\t\t\t\t\tE-Mail\t\t\t\t\t\t\t<\/label>\n\t\t\t\t\t\t\t\t\t\t\t\t\t\t<input size=\"1\" type=\"email\" name=\"form_fields[email]\" id=\"form-field-email\" class=\"elementor-field elementor-size-sm  elementor-field-textual\" placeholder=\"email\" required=\"required\">\n\t\t\t\t\t\t\t\t\t\t\t<\/div>\n\t\t\t\t\t\t\t\t<div class=\"elementor-field-type-textarea elementor-field-group elementor-column elementor-field-group-message elementor-col-100\">\n\t\t\t\t\t\t\t\t\t\t\t\t<label for=\"form-field-message\" class=\"elementor-field-label elementor-screen-only\">\n\t\t\t\t\t\t\t\tNachricht\t\t\t\t\t\t\t<\/label>\n\t\t\t\t\t\t<textarea class=\"elementor-field-textual elementor-field  elementor-size-sm\" name=\"form_fields[message]\" id=\"form-field-message\" rows=\"4\" placeholder=\"Message\"><\/textarea>\t\t\t\t<\/div>\n\t\t\t\t\t\t\t\t<div class=\"elementor-field-group elementor-column elementor-field-type-submit elementor-col-100 e-form__buttons\">\n\t\t\t\t\t<button class=\"elementor-button elementor-size-sm\" type=\"submit\">\n\t\t\t\t\t\t<span class=\"elementor-button-content-wrapper\">\n\t\t\t\t\t\t\t\t\t\t\t\t\t\t\t\t\t\t\t\t\t\t<span class=\"elementor-button-text\">send<\/span>\n\t\t\t\t\t\t\t\t\t\t\t\t\t<\/span>\n\t\t\t\t\t<\/button>\n\t\t\t\t<\/div>\n\t\t\t<\/div>\n\t\t<\/form>\n\t\t\t\t\t\t<\/div>\n\t\t\t\t<\/div>\n\t\t\t\t<\/div>\n\t\t\t\t<\/div>\n\t\t\t\t\t<\/div>\n\t\t\t\t<\/div>\n\t\t\t\t<\/div>\n\t\t","protected":false},"excerpt":{"rendered":"<p>Contact us Simply send me a message via the contact form or to n info@christianconrad.org<\/p>\n","protected":false},"author":4,"featured_media":0,"parent":0,"menu_order":0,"comment_status":"closed","ping_status":"closed","template":"elementor_header_footer","meta":{"inline_featured_image":false,"_monsterinsights_skip_tracking":false,"_monsterinsights_sitenote_active":false,"_monsterinsights_sitenote_note":"","_monsterinsights_sitenote_category":0,"footnotes":"","_links_to":"","_links_to_target":""},"class_list":["post-5260","page","type-page","status-publish","hentry"],"yoast_head":"<!-- This site is optimized with the Yoast SEO plugin v26.7 - https:\/\/yoast.com\/wordpress\/plugins\/seo\/ -->\n<title>Contact - Christian Conrad<\/title>\n<meta name=\"robots\" content=\"index, follow, max-snippet:-1, max-image-preview:large, max-video-preview:-1\" \/>\n<link rel=\"canonical\" href=\"https:\/\/www.christianconrad.org\/en\/contact\/\" \/>\n<meta property=\"og:locale\" content=\"en_US\" \/>\n<meta property=\"og:type\" content=\"article\" \/>\n<meta property=\"og:title\" content=\"Contact - Christian Conrad\" \/>\n<meta property=\"og:description\" content=\"Contact us Simply send me a message via the contact form or to n info@christianconrad.org\" \/>\n<meta property=\"og:url\" content=\"https:\/\/www.christianconrad.org\/en\/contact\/\" \/>\n<meta property=\"og:site_name\" content=\"Christian Conrad\" \/>\n<meta property=\"article:modified_time\" content=\"2025-02-28T13:46:16+00:00\" \/>\n<meta property=\"og:image\" content=\"https:\/\/www.christianconrad.org\/wp-content\/uploads\/2025\/01\/Christian-Conrad.jpg\" \/>\n\t<meta property=\"og:image:width\" content=\"1000\" \/>\n\t<meta property=\"og:image:height\" content=\"1500\" \/>\n\t<meta property=\"og:image:type\" content=\"image\/jpeg\" \/>\n<meta name=\"twitter:card\" content=\"summary_large_image\" \/>\n<meta name=\"twitter:label1\" content=\"Est. reading time\" \/>\n\t<meta name=\"twitter:data1\" content=\"1 minute\" \/>\n<script type=\"application\/ld+json\" class=\"yoast-schema-graph\">{\"@context\":\"https:\/\/schema.org\",\"@graph\":[{\"@type\":\"WebPage\",\"@id\":\"https:\/\/www.christianconrad.org\/en\/contact\/\",\"url\":\"https:\/\/www.christianconrad.org\/en\/contact\/\",\"name\":\"Contact - Christian Conrad\",\"isPartOf\":{\"@id\":\"https:\/\/www.christianconrad.org\/#website\"},\"primaryImageOfPage\":{\"@id\":\"https:\/\/www.christianconrad.org\/en\/contact\/#primaryimage\"},\"image\":{\"@id\":\"https:\/\/www.christianconrad.org\/en\/contact\/#primaryimage\"},\"thumbnailUrl\":\"https:\/\/www.christianconrad.org\/wp-content\/uploads\/2025\/01\/Christian-Conrad.jpg\",\"datePublished\":\"2025-01-20T15:12:54+00:00\",\"dateModified\":\"2025-02-28T13:46:16+00:00\",\"breadcrumb\":{\"@id\":\"https:\/\/www.christianconrad.org\/en\/contact\/#breadcrumb\"},\"inLanguage\":\"en-US\",\"potentialAction\":[{\"@type\":\"ReadAction\",\"target\":[\"https:\/\/www.christianconrad.org\/en\/contact\/\"]}]},{\"@type\":\"ImageObject\",\"inLanguage\":\"en-US\",\"@id\":\"https:\/\/www.christianconrad.org\/en\/contact\/#primaryimage\",\"url\":\"https:\/\/www.christianconrad.org\/wp-content\/uploads\/2025\/01\/Christian-Conrad.jpg\",\"contentUrl\":\"https:\/\/www.christianconrad.org\/wp-content\/uploads\/2025\/01\/Christian-Conrad.jpg\"},{\"@type\":\"BreadcrumbList\",\"@id\":\"https:\/\/www.christianconrad.org\/en\/contact\/#breadcrumb\",\"itemListElement\":[{\"@type\":\"ListItem\",\"position\":1,\"name\":\"Startseite\",\"item\":\"https:\/\/www.christianconrad.org\/en\/\"},{\"@type\":\"ListItem\",\"position\":2,\"name\":\"Contact\"}]},{\"@type\":\"WebSite\",\"@id\":\"https:\/\/www.christianconrad.org\/#website\",\"url\":\"https:\/\/www.christianconrad.org\/\",\"name\":\"Christian Conrad\",\"description\":\"Probleml\u00f6ser f\u00fcr den Fachkr\u00e4ftemangel\",\"publisher\":{\"@id\":\"https:\/\/www.christianconrad.org\/#\/schema\/person\/721e79282555063e4874444996a45836\"},\"potentialAction\":[{\"@type\":\"SearchAction\",\"target\":{\"@type\":\"EntryPoint\",\"urlTemplate\":\"https:\/\/www.christianconrad.org\/?s={search_term_string}\"},\"query-input\":{\"@type\":\"PropertyValueSpecification\",\"valueRequired\":true,\"valueName\":\"search_term_string\"}}],\"inLanguage\":\"en-US\"},{\"@type\":[\"Person\",\"Organization\"],\"@id\":\"https:\/\/www.christianconrad.org\/#\/schema\/person\/721e79282555063e4874444996a45836\",\"name\":\"Christian\",\"image\":{\"@type\":\"ImageObject\",\"inLanguage\":\"en-US\",\"@id\":\"https:\/\/www.christianconrad.org\/#\/schema\/person\/image\/\",\"url\":\"https:\/\/www.christianconrad.org\/wp-content\/uploads\/2021\/03\/Logo-Christian.png\",\"contentUrl\":\"https:\/\/www.christianconrad.org\/wp-content\/uploads\/2021\/03\/Logo-Christian.png\",\"width\":3104,\"height\":827,\"caption\":\"Christian\"},\"logo\":{\"@id\":\"https:\/\/www.christianconrad.org\/#\/schema\/person\/image\/\"}}]}<\/script>\n<!-- \/ Yoast SEO plugin. -->","yoast_head_json":{"title":"Contact - Christian Conrad","robots":{"index":"index","follow":"follow","max-snippet":"max-snippet:-1","max-image-preview":"max-image-preview:large","max-video-preview":"max-video-preview:-1"},"canonical":"https:\/\/www.christianconrad.org\/en\/contact\/","og_locale":"en_US","og_type":"article","og_title":"Contact - Christian Conrad","og_description":"Contact us Simply send me a message via the contact form or to n info@christianconrad.org","og_url":"https:\/\/www.christianconrad.org\/en\/contact\/","og_site_name":"Christian Conrad","article_modified_time":"2025-02-28T13:46:16+00:00","og_image":[{"width":1000,"height":1500,"url":"https:\/\/www.christianconrad.org\/wp-content\/uploads\/2025\/01\/Christian-Conrad.jpg","type":"image\/jpeg"}],"twitter_card":"summary_large_image","twitter_misc":{"Est. reading time":"1 minute"},"schema":{"@context":"https:\/\/schema.org","@graph":[{"@type":"WebPage","@id":"https:\/\/www.christianconrad.org\/en\/contact\/","url":"https:\/\/www.christianconrad.org\/en\/contact\/","name":"Contact - Christian Conrad","isPartOf":{"@id":"https:\/\/www.christianconrad.org\/#website"},"primaryImageOfPage":{"@id":"https:\/\/www.christianconrad.org\/en\/contact\/#primaryimage"},"image":{"@id":"https:\/\/www.christianconrad.org\/en\/contact\/#primaryimage"},"thumbnailUrl":"https:\/\/www.christianconrad.org\/wp-content\/uploads\/2025\/01\/Christian-Conrad.jpg","datePublished":"2025-01-20T15:12:54+00:00","dateModified":"2025-02-28T13:46:16+00:00","breadcrumb":{"@id":"https:\/\/www.christianconrad.org\/en\/contact\/#breadcrumb"},"inLanguage":"en-US","potentialAction":[{"@type":"ReadAction","target":["https:\/\/www.christianconrad.org\/en\/contact\/"]}]},{"@type":"ImageObject","inLanguage":"en-US","@id":"https:\/\/www.christianconrad.org\/en\/contact\/#primaryimage","url":"https:\/\/www.christianconrad.org\/wp-content\/uploads\/2025\/01\/Christian-Conrad.jpg","contentUrl":"https:\/\/www.christianconrad.org\/wp-content\/uploads\/2025\/01\/Christian-Conrad.jpg"},{"@type":"BreadcrumbList","@id":"https:\/\/www.christianconrad.org\/en\/contact\/#breadcrumb","itemListElement":[{"@type":"ListItem","position":1,"name":"Startseite","item":"https:\/\/www.christianconrad.org\/en\/"},{"@type":"ListItem","position":2,"name":"Contact"}]},{"@type":"WebSite","@id":"https:\/\/www.christianconrad.org\/#website","url":"https:\/\/www.christianconrad.org\/","name":"Christian Conrad","description":"Probleml\u00f6ser f\u00fcr den Fachkr\u00e4ftemangel","publisher":{"@id":"https:\/\/www.christianconrad.org\/#\/schema\/person\/721e79282555063e4874444996a45836"},"potentialAction":[{"@type":"SearchAction","target":{"@type":"EntryPoint","urlTemplate":"https:\/\/www.christianconrad.org\/?s={search_term_string}"},"query-input":{"@type":"PropertyValueSpecification","valueRequired":true,"valueName":"search_term_string"}}],"inLanguage":"en-US"},{"@type":["Person","Organization"],"@id":"https:\/\/www.christianconrad.org\/#\/schema\/person\/721e79282555063e4874444996a45836","name":"Christian","image":{"@type":"ImageObject","inLanguage":"en-US","@id":"https:\/\/www.christianconrad.org\/#\/schema\/person\/image\/","url":"https:\/\/www.christianconrad.org\/wp-content\/uploads\/2021\/03\/Logo-Christian.png","contentUrl":"https:\/\/www.christianconrad.org\/wp-content\/uploads\/2021\/03\/Logo-Christian.png","width":3104,"height":827,"caption":"Christian"},"logo":{"@id":"https:\/\/www.christianconrad.org\/#\/schema\/person\/image\/"}}]}},"_links":{"self":[{"href":"https:\/\/www.christianconrad.org\/en\/wp-json\/wp\/v2\/pages\/5260\/"}],"collection":[{"href":"https:\/\/www.christianconrad.org\/en\/wp-json\/wp\/v2\/pages\/"}],"about":[{"href":"https:\/\/www.christianconrad.org\/en\/wp-json\/wp\/v2\/types\/page\/"}],"author":[{"embeddable":true,"href":"https:\/\/www.christianconrad.org\/en\/wp-json\/wp\/v2\/users\/4\/"}],"replies":[{"embeddable":true,"href":"https:\/\/www.christianconrad.org\/en\/wp-json\/wp\/v2\/comments\/?post=5260"}],"version-history":[{"count":7,"href":"https:\/\/www.christianconrad.org\/en\/wp-json\/wp\/v2\/pages\/5260\/revisions\/"}],"predecessor-version":[{"id":5296,"href":"https:\/\/www.christianconrad.org\/en\/wp-json\/wp\/v2\/pages\/5260\/revisions\/5296\/"}],"wp:attachment":[{"href":"https:\/\/www.christianconrad.org\/en\/wp-json\/wp\/v2\/media\/?parent=5260"}],"curies":[{"name":"wp","href":"https:\/\/api.w.org\/{rel}","templated":true}]}}